{"id":51726,"date":"2020-05-06T23:07:03","date_gmt":"2020-05-06T21:07:03","guid":{"rendered":"http:\/\/www.schmitten-tourismus.ch\/?page_id=51726"},"modified":"2024-06-06T10:45:30","modified_gmt":"2024-06-06T08:45:30","slug":"der-verein","status":"publish","type":"page","link":"https:\/\/schmitten-tourismus.ch\/?page_id=51726","title":{"rendered":"Schmitten Tourismus"},"content":{"rendered":"<div id=\"pl-gb51726-69f496560bd26\"  class=\"panel-layout wp-block-siteorigin-panels-layout-block\" ><div id=\"pg-gb51726-69f496560bd26-0\"  class=\"panel-grid panel-has-style\" ><div class=\"siteorigin-panels-stretch panel-row-style panel-row-style-for-gb51726-69f496560bd26-0\" style=\"padding-top: 0px; padding-bottom: 0px; \" data-stretch-type=\"full-width-stretch\" data-mobile-padding=\"0px\" data-overlay-color=\"#000000\" ><div id=\"pgc-gb51726-69f496560bd26-0-0\"  class=\"panel-grid-cell\" ><div id=\"panel-gb51726-69f496560bd26-0-0-0\" class=\"so-panel widget widget_sow-image panel-first-child panel-last-child\" data-index=\"0\" ><div style=\"text-align: left;\" data-title-color=\"#2d3142\" data-headings-color=\"#2cb1e2\" class=\"panel-widget-style panel-widget-style-for-gb51726-69f496560bd26-0-0-0\" ><div\n\t\t\t\n\t\t\tclass=\"so-widget-sow-image so-widget-sow-image-default-2408a1b6ba95-51726\"\n\t\t\t\n\t\t>\n<div class=\"sow-image-container\">\n\t\t<img \n\tsrc=\"https:\/\/schmitten-tourismus.ch\/wp-content\/uploads\/2020\/04\/IMG_4589-scaled-e1590487380197.jpg\" width=\"2560\" height=\"1241\" sizes=\"(max-width: 2560px) 100vw, 2560px\" title=\"Der Verein Schmitten Tourismus\" alt=\"\" \t\tclass=\"so-widget-image\"\/>\n\t<\/div>\n\n<\/div><\/div><\/div><\/div><\/div><\/div><div id=\"pg-gb51726-69f496560bd26-1\"  class=\"panel-grid panel-has-style\" ><div class=\"siteorigin-panels-stretch panel-row-style panel-row-style-for-gb51726-69f496560bd26-1\" style=\"padding-top: 50px; padding-bottom: 59px; \" data-stretch-type=\"full\" data-mobile-padding=\"25px\" data-overlay-color=\"#000000\" ><div id=\"pgc-gb51726-69f496560bd26-1-0\"  class=\"panel-grid-cell panel-grid-cell-empty\" ><\/div><div id=\"pgc-gb51726-69f496560bd26-1-1\"  class=\"panel-grid-cell\" ><div id=\"panel-gb51726-69f496560bd26-1-1-0\" class=\"so-panel widget widget_sow-headline panel-first-child\" data-index=\"1\" ><div style=\"text-align: left;\" data-title-color=\"#2d3142\" data-headings-color=\"#2d3142\" class=\"panel-widget-style panel-widget-style-for-gb51726-69f496560bd26-1-1-0\" ><div\n\t\t\t\n\t\t\tclass=\"so-widget-sow-headline so-widget-sow-headline-default-ea5861c3f878-51726\"\n\t\t\t\n\t\t><div class=\"sow-headline-container \">\n\t\t\t\t\t\t\t<h1 class=\"sow-headline\">\n\t\t\t\t\t\tDER VEREIN SCHMITTEN TOURISMUS \t\t\t\t\t\t<\/h1>\n\t\t\t\t\t\t\t\t\t\t\t\t<h3 class=\"sow-sub-headline\">\n\t\t\t\t\t\tSchmitten Tourismus informiert \u00fcber Aktivit\u00e4ten in und um Schmitten Albula, konzipiert und organisiert Veranstaltungen und ist Ansprechpartner f\u00fcr die Belange von Ferienwohnungbesitzern und Anbietern von Tourismusangeboten sowie f\u00fcr G\u00e4ste und Interessierte.\t\t\t\t\t\t<\/h3>\n\t\t\t\t\t\t<\/div>\n<\/div><\/div><\/div><div id=\"panel-gb51726-69f496560bd26-1-1-1\" class=\"so-panel widget widget_sow-button panel-last-child\" data-index=\"2\" ><div style=\"text-align: left;\" data-title-color=\"#2d3142\" data-headings-color=\"#2d3142\" class=\"panel-widget-style panel-widget-style-for-gb51726-69f496560bd26-1-1-1\" ><div\n\t\t\t\n\t\t\tclass=\"so-widget-sow-button so-widget-sow-button-wire-a32d7bfc16e6-51726\"\n\t\t\t\n\t\t><div class=\"ow-button-base ow-button-align-right\"\n>\n\t\t\t<a\n\t\t\t\t\thref=\"https:\/\/www.schmitten-tourismus.ch\/statuten\/\"\n\t\t\t\t\tclass=\"sowb-button ow-icon-placement-left ow-button-hover\" \t>\n\t\t<span>\n\t\t\t\n\t\t\tzu den Statuten\t\t<\/span>\n\t\t\t<\/a>\n\t<\/div>\n<\/div><\/div><\/div><\/div><\/div><\/div><div id=\"pg-gb51726-69f496560bd26-2\"  class=\"panel-grid panel-has-style\" ><div style=\"padding-top: 40px; padding-bottom: 20px; \" data-mobile-padding=\"0px\" data-overlay-color=\"#000000\" class=\"panel-row-style panel-row-style-for-gb51726-69f496560bd26-2\" ><div id=\"pgc-gb51726-69f496560bd26-2-0\"  class=\"panel-grid-cell panel-grid-cell-mobile-last\" ><div id=\"panel-gb51726-69f496560bd26-2-0-0\" class=\"so-panel widget widget_sow-headline panel-first-child\" data-index=\"3\" ><div style=\"text-align: left;\" data-title-color=\"#2d3142\" data-headings-color=\"#2d3142\" class=\"panel-widget-style panel-widget-style-for-gb51726-69f496560bd26-2-0-0\" ><div\n\t\t\t\n\t\t\tclass=\"so-widget-sow-headline so-widget-sow-headline-default-47341ecfb871-51726\"\n\t\t\t\n\t\t><div class=\"sow-headline-container \">\n\t\t\t\t\t\t\t<h1 class=\"sow-headline\">\n\t\t\t\t\t\tINFORMATIONEN F\u00dcR FERIENWOHNUNGSBESITZER \t\t\t\t\t\t<\/h1>\n\t\t\t\t\t\t\t\t\t\t\t\t<h3 class=\"sow-sub-headline\">\n\t\t\t\t\t\tVon den touristischen Einrichtungen und Veranstaltungen, welche f\u00fcr den Gast geschaffen und von ihm in \u00fcberwiegendem Masse ben\u00fctzt werden, profitieren auch Ferienwohnungsbesitzer und &#8211; vermieter in Schmitten. Das Kurtaxengesetz bietet Informationen \u00fcber Rechte und Pflichten.\t\t\t\t\t\t<\/h3>\n\t\t\t\t\t\t<\/div>\n<\/div><\/div><\/div><div id=\"panel-gb51726-69f496560bd26-2-0-1\" class=\"so-panel widget widget_sow-button panel-last-child\" data-index=\"4\" ><div style=\"text-align: left;\" data-title-color=\"#2d3142\" data-headings-color=\"#2d3142\" class=\"panel-widget-style panel-widget-style-for-gb51726-69f496560bd26-2-0-1\" ><div\n\t\t\t\n\t\t\tclass=\"so-widget-sow-button so-widget-sow-button-wire-4c2fe45eac7a-51726\"\n\t\t\t\n\t\t><div class=\"ow-button-base ow-button-align-left\"\n>\n\t\t\t<a\n\t\t\t\t\thref=\"https:\/\/www.schmitten-tourismus.ch\/info-fuer-ferienwohnugsbesitzer\/\"\n\t\t\t\t\tclass=\"sowb-button ow-icon-placement-left ow-button-hover\" \t>\n\t\t<span>\n\t\t\t\n\t\t\tInfos zum Kurtaxengesetz\t\t<\/span>\n\t\t\t<\/a>\n\t<\/div>\n<\/div><\/div><\/div><\/div><div id=\"pgc-gb51726-69f496560bd26-2-1\"  class=\"panel-grid-cell panel-grid-cell-empty\" ><\/div><\/div><\/div><div id=\"pg-gb51726-69f496560bd26-3\"  class=\"panel-grid panel-has-style\" ><div class=\"siteorigin-panels-stretch panel-row-style panel-row-style-for-gb51726-69f496560bd26-3\" style=\"padding-top: 50px; padding-bottom: 50px; \" data-stretch-type=\"full\" data-mobile-padding=\"25px\" data-overlay-color=\"#000000\" ><div id=\"pgc-gb51726-69f496560bd26-3-0\"  class=\"panel-grid-cell panel-grid-cell-empty\" ><\/div><div id=\"pgc-gb51726-69f496560bd26-3-1\"  class=\"panel-grid-cell\" ><div id=\"panel-gb51726-69f496560bd26-3-1-0\" class=\"so-panel widget widget_sow-headline panel-first-child\" data-index=\"5\" ><div style=\"text-align: left;\" data-title-color=\"#2d3142\" data-headings-color=\"#2d3142\" class=\"panel-widget-style panel-widget-style-for-gb51726-69f496560bd26-3-1-0\" ><div\n\t\t\t\n\t\t\tclass=\"so-widget-sow-headline so-widget-sow-headline-default-163b73057fb0-51726\"\n\t\t\t\n\t\t><div class=\"sow-headline-container \">\n\t\t\t\t\t\t\t<h1 class=\"sow-headline\">\n\t\t\t\t\t\tINTERESSIERTE UND ANBIETER VON TOURISMUS ANGEBOTEN\t\t\t\t\t\t<\/h1>\n\t\t\t\t\t\t\t\t\t\t\t\t<h3 class=\"sow-sub-headline\">\n\t\t\t\t\t\tEs gibt in Schmitten vieles zu entdecken &#8211; und wer weiss das besser  als die Einheimischen, Zugezogenen und langj\u00e4hrigen Ferieng\u00e4ste von Schmitten. Mit ihrer Hilfe wird das Angebot f\u00fcr Ferieng\u00e4ste laufend durch Insider-Tips, Neues und Wiederentdecktes erweitert. Danke daf\u00fcr!. \t\t\t\t\t\t<\/h3>\n\t\t\t\t\t\t<\/div>\n<\/div><\/div><\/div><div id=\"panel-gb51726-69f496560bd26-3-1-1\" class=\"so-panel widget widget_sow-button panel-last-child\" data-index=\"6\" ><div style=\"text-align: left;\" data-title-color=\"#2d3142\" data-headings-color=\"#2d3142\" class=\"panel-widget-style panel-widget-style-for-gb51726-69f496560bd26-3-1-1\" ><div\n\t\t\t\n\t\t\tclass=\"so-widget-sow-button so-widget-sow-button-wire-dc51f6033f22-51726\"\n\t\t\t\n\t\t><div class=\"ow-button-base ow-button-align-right\"\n>\n\t\t\t<a\n\t\t\t\t\thref=\"https:\/\/schmitten-tourismus.ch\/wp-content\/uploads\/2020\/05\/FormularSTV_blanko.pdf\"\n\t\t\t\t\tclass=\"sowb-button ow-icon-placement-left ow-button-hover\" \t>\n\t\t<span>\n\t\t\t\n\t\t\tNeue Angebote melden\t\t<\/span>\n\t\t\t<\/a>\n\t<\/div>\n<\/div><\/div><\/div><\/div><\/div><\/div><div id=\"pg-gb51726-69f496560bd26-4\"  class=\"panel-grid panel-has-style\" ><div style=\"padding-top: 50px; padding-bottom: 0px; \" data-mobile-padding=\"25px\" data-overlay-color=\"#000000\" class=\"panel-row-style panel-row-style-for-gb51726-69f496560bd26-4\" ><div id=\"pgc-gb51726-69f496560bd26-4-0\"  class=\"panel-grid-cell\" ><div id=\"panel-gb51726-69f496560bd26-4-0-0\" class=\"so-panel widget widget_sow-headline panel-first-child panel-last-child\" data-index=\"7\" ><div style=\"text-align: left;\" data-title-color=\"#2d3142\" data-headings-color=\"#2d3142\" class=\"panel-widget-style panel-widget-style-for-gb51726-69f496560bd26-4-0-0\" ><div\n\t\t\t\n\t\t\tclass=\"so-widget-sow-headline so-widget-sow-headline-default-2dd73c0637d5-51726\"\n\t\t\t\n\t\t><div class=\"sow-headline-container \">\n\t\t\t\t\t\t\t<h1 class=\"sow-headline\">\n\t\t\t\t\t\tDER VEREINSVORSTAND\t\t\t\t\t\t<\/h1>\n\t\t\t\t\t\t\t\t\t\t\t\t<h3 class=\"sow-sub-headline\">\n\t\t\t\t\t\tGemeinsam aktiv f\u00fcr den Tourismus-Standort Schmitten Albula\t\t\t\t\t\t<\/h3>\n\t\t\t\t\t\t<\/div>\n<\/div><\/div><\/div><\/div><\/div><\/div><div id=\"pg-gb51726-69f496560bd26-5\"  class=\"panel-grid panel-has-style\" ><div style=\"padding-top: 100px; padding-bottom: 100px; \" data-mobile-padding=\"50px\" class=\"panel-row-style panel-row-style-for-gb51726-69f496560bd26-5\" ><div id=\"pgc-gb51726-69f496560bd26-5-0\"  class=\"panel-grid-cell\" ><div id=\"panel-gb51726-69f496560bd26-5-0-0\" class=\"so-panel widget widget_sow-editor panel-first-child panel-last-child\" data-index=\"8\" ><div style=\"text-align: left;\" data-title-color=\"#2d3142\" data-headings-color=\"#2d3142\" class=\"panel-widget-style panel-widget-style-for-gb51726-69f496560bd26-5-0-0\" ><div\n\t\t\t\n\t\t\tclass=\"so-widget-sow-editor so-widget-sow-editor-base\"\n\t\t\t\n\t\t>\n<div class=\"siteorigin-widget-tinymce textwidget\">\n\t<h2 style=\"text-align: center;\">Thomas Widmer<\/h2>\n<p style=\"text-align: center;\"><strong><em>Vereinspr\u00e4sidentin<\/em><\/strong><\/p>\n<p style=\"text-align: center;\">info@schmitten-tourismus.ch<\/p>\n<p style=\"text-align: center;\">\n<\/div>\n<\/div><\/div><\/div><\/div><div id=\"pgc-gb51726-69f496560bd26-5-1\"  class=\"panel-grid-cell\" ><div id=\"panel-gb51726-69f496560bd26-5-1-0\" class=\"so-panel widget widget_sow-editor panel-first-child panel-last-child\" data-index=\"9\" ><div style=\"text-align: left;\" data-title-color=\"#2d3142\" data-headings-color=\"#2d3142\" class=\"panel-widget-style panel-widget-style-for-gb51726-69f496560bd26-5-1-0\" ><div\n\t\t\t\n\t\t\tclass=\"so-widget-sow-editor so-widget-sow-editor-base\"\n\t\t\t\n\t\t>\n<div class=\"siteorigin-widget-tinymce textwidget\">\n\t<h2 style=\"text-align: center;\">Monika Hess<\/h2>\n<p style=\"text-align: center;\"><strong><em>Kassierin<\/em><\/strong><\/p>\n<p style=\"text-align: center;\">kassa@schmitten-tourismus.ch<\/p>\n<p style=\"text-align: center;\">\n<\/div>\n<\/div><\/div><\/div><\/div><div id=\"pgc-gb51726-69f496560bd26-5-2\"  class=\"panel-grid-cell\" ><div id=\"panel-gb51726-69f496560bd26-5-2-0\" class=\"so-panel widget widget_sow-editor panel-first-child panel-last-child\" data-index=\"10\" ><div style=\"text-align: left;\" data-title-color=\"#2d3142\" data-headings-color=\"#2d3142\" class=\"panel-widget-style panel-widget-style-for-gb51726-69f496560bd26-5-2-0\" ><div\n\t\t\t\n\t\t\tclass=\"so-widget-sow-editor so-widget-sow-editor-base\"\n\t\t\t\n\t\t>\n<div class=\"siteorigin-widget-tinymce textwidget\">\n\t<h2 style=\"text-align: center;\">Hubert Weibel<\/h2>\n<p style=\"text-align: center;\"><strong><em>Aktuar<\/em><\/strong><\/p>\n<p style=\"text-align: center;\">\n<\/div>\n<\/div><\/div><\/div><\/div><\/div><\/div><div id=\"pg-gb51726-69f496560bd26-6\"  class=\"panel-grid panel-has-style\" ><div style=\"padding-top: 20px; padding-bottom: 100px; \" data-mobile-padding=\"25px\" data-overlay-color=\"#000000\" class=\"panel-row-style panel-row-style-for-gb51726-69f496560bd26-6\" ><div id=\"pgc-gb51726-69f496560bd26-6-0\"  class=\"panel-grid-cell panel-grid-cell-empty\" ><\/div><div id=\"pgc-gb51726-69f496560bd26-6-1\"  class=\"panel-grid-cell\" ><div id=\"panel-gb51726-69f496560bd26-6-1-0\" class=\"so-panel widget widget_sow-editor panel-first-child panel-last-child\" data-index=\"11\" ><div style=\"text-align: left;\" data-title-color=\"#2d3142\" data-headings-color=\"#2d3142\" class=\"panel-widget-style panel-widget-style-for-gb51726-69f496560bd26-6-1-0\" ><div\n\t\t\t\n\t\t\tclass=\"so-widget-sow-editor so-widget-sow-editor-base\"\n\t\t\t\n\t\t>\n<div class=\"siteorigin-widget-tinymce textwidget\">\n\t<h2 style=\"text-align: center;\">K\u00f6bi Caspar<\/h2>\n<p style=\"text-align: center;\"><strong><em>Beisitzer<\/em><\/strong><\/p>\n<p style=\"text-align: center;\">\n<\/div>\n<\/div><\/div><\/div><\/div><div id=\"pgc-gb51726-69f496560bd26-6-2\"  class=\"panel-grid-cell panel-grid-cell-mobile-last\" ><div id=\"panel-gb51726-69f496560bd26-6-2-0\" class=\"so-panel widget widget_sow-editor panel-first-child panel-last-child\" data-index=\"12\" ><div style=\"text-align: left;\" data-title-color=\"#2d3142\" data-headings-color=\"#2d3142\" class=\"panel-widget-style panel-widget-style-for-gb51726-69f496560bd26-6-2-0\" ><div\n\t\t\t\n\t\t\tclass=\"so-widget-sow-editor so-widget-sow-editor-base\"\n\t\t\t\n\t\t>\n<div class=\"siteorigin-widget-tinymce textwidget\">\n\t<h2 style=\"text-align: center;\">Udo Blankart<\/h2>\n<p style=\"text-align: center;\"><strong><em>Beisitzer<\/em><\/strong><\/p>\n<p style=\"text-align: center;\"><span class=\"bigger\">\u00a0<\/span><\/p>\n<p style=\"text-align: center;\">\n<\/div>\n<\/div><\/div><\/div><\/div><div id=\"pgc-gb51726-69f496560bd26-6-3\"  class=\"panel-grid-cell panel-grid-cell-empty\" ><\/div><\/div><\/div><div id=\"pg-gb51726-69f496560bd26-7\"  class=\"panel-grid panel-has-style\" ><div class=\"siteorigin-panels-stretch panel-row-style panel-row-style-for-gb51726-69f496560bd26-7\" style=\"padding-top: 0px; padding-bottom: 0px; \" data-stretch-type=\"full-width-stretch\" data-mobile-padding=\"50px\" data-overlay-color=\"#000000\" ><div id=\"pgc-gb51726-69f496560bd26-7-0\"  class=\"panel-grid-cell\" ><div id=\"panel-gb51726-69f496560bd26-7-0-0\" class=\"so-panel widget widget_sow-headline panel-first-child panel-last-child\" data-index=\"13\" ><div style=\"text-align: left;\" data-title-color=\"#2d3142\" data-headings-color=\"#2d3142\" class=\"panel-widget-style panel-widget-style-for-gb51726-69f496560bd26-7-0-0\" ><div\n\t\t\t\n\t\t\tclass=\"so-widget-sow-headline so-widget-sow-headline-default-923e95163653-51726\"\n\t\t\t\n\t\t><div class=\"sow-headline-container \">\n\t\t\t\t\t\t\t<h2 class=\"sow-headline\">\n\t\t\t\t\t\t\t\t\t\t\t\t\t<a href=\"http:\/\/www.schmitten-gr.ch\" >\n\t\t\t\t\t\t\t\tInformationen zur Infrastruktur, Laden\u00f6ffnungszeiten und Notfallnummern:<\/a>\t\t\t\t\t\t<\/h2>\n\t\t\t\t\t\t<\/div>\n<\/div><\/div><\/div><\/div><div id=\"pgc-gb51726-69f496560bd26-7-1\"  class=\"panel-grid-cell\" ><div id=\"panel-gb51726-69f496560bd26-7-1-0\" class=\"so-panel widget widget_sow-button panel-first-child panel-last-child\" data-index=\"14\" ><div style=\"text-align: left;\" data-title-color=\"#2d3142\" data-headings-color=\"#2d3142\" class=\"panel-widget-style panel-widget-style-for-gb51726-69f496560bd26-7-1-0\" ><div\n\t\t\t\n\t\t\tclass=\"so-widget-sow-button so-widget-sow-button-wire-70f597e76890-51726\"\n\t\t\t\n\t\t><div class=\"ow-button-base ow-button-align-left\"\n>\n\t\t\t<a\n\t\t\t\t\thref=\"http:\/\/www.schmitten-gr.ch\"\n\t\t\t\t\tclass=\"sowb-button ow-icon-placement-left ow-button-hover\" target=\"_blank\" rel=\"noopener noreferrer\" \t>\n\t\t<span>\n\t\t\t\n\t\t\tZur Website der Gemeinde Schmitten\t\t<\/span>\n\t\t\t<\/a>\n\t<\/div>\n<\/div><\/div><\/div><\/div><\/div><\/div><\/div>","protected":false},"excerpt":{"rendered":"","protected":false},"author":1,"featured_media":0,"parent":0,"menu_order":0,"comment_status":"closed","ping_status":"closed","template":"page-templates\/template_page-builder.php","meta":{"footnotes":""},"class_list":["post-51726","page","type-page","status-publish","hentry","post-item clearfix"],"_links":{"self":[{"href":"https:\/\/schmitten-tourismus.ch\/index.php?rest_route=\/wp\/v2\/pages\/51726","targetHints":{"allow":["GET"]}}],"collection":[{"href":"https:\/\/schmitten-tourismus.ch\/index.php?rest_route=\/wp\/v2\/pages"}],"about":[{"href":"https:\/\/schmitten-tourismus.ch\/index.php?rest_route=\/wp\/v2\/types\/page"}],"author":[{"embeddable":true,"href":"https:\/\/schmitten-tourismus.ch\/index.php?rest_route=\/wp\/v2\/users\/1"}],"replies":[{"embeddable":true,"href":"https:\/\/schmitten-tourismus.ch\/index.php?rest_route=%2Fwp%2Fv2%2Fcomments&post=51726"}],"version-history":[{"count":102,"href":"https:\/\/schmitten-tourismus.ch\/index.php?rest_route=\/wp\/v2\/pages\/51726\/revisions"}],"predecessor-version":[{"id":52144,"href":"https:\/\/schmitten-tourismus.ch\/index.php?rest_route=\/wp\/v2\/pages\/51726\/revisions\/52144"}],"wp:attachment":[{"href":"https:\/\/schmitten-tourismus.ch\/index.php?rest_route=%2Fwp%2Fv2%2Fmedia&parent=51726"}],"curies":[{"name":"wp","href":"https:\/\/api.w.org\/{rel}","templated":true}]}}